{"id":948,"date":"2019-09-10T17:05:00","date_gmt":"2019-09-10T15:05:00","guid":{"rendered":"http:\/\/sols-creation.inexence.group\/?page_id=948"},"modified":"2020-11-25T15:51:38","modified_gmt":"2020-11-25T14:51:38","slug":"competences","status":"publish","type":"page","link":"https:\/\/sols-creation.inexence.group\/en\/competences\/","title":{"rendered":"Our Skills"},"content":{"rendered":"<div class=\"wpb-content-wrapper\"><div class=\"vc_row wpb_row vc_row-fluid\"><div class=\"wpb_column vc_column_container vc_col-sm-12 sc_layouts_column_icons_position_left\"><div class=\"vc_column-inner\"><div class=\"wpb_wrapper\">\n<div class=\"vc_grid-container-wrapper vc_clearfix vc_grid-animation-fadeIn\">\n\t<div class=\"vc_grid-container vc_clearfix wpb_content_element vc_basic_grid articles\" data-initial-loading-animation=\"fadeIn\" data-vc-grid-settings=\"{&quot;page_id&quot;:948,&quot;style&quot;:&quot;load-more&quot;,&quot;action&quot;:&quot;vc_get_vc_grid_data&quot;,&quot;shortcode_id&quot;:&quot;1568127864254-63dc14f4-ab27-8&quot;,&quot;items_per_page&quot;:&quot;10&quot;,&quot;btn_data&quot;:{&quot;title&quot;:&quot;Load more&quot;,&quot;style&quot;:&quot;flat&quot;,&quot;gradient_color_1&quot;:&quot;&quot;,&quot;gradient_color_2&quot;:&quot;&quot;,&quot;gradient_custom_color_1&quot;:&quot;&quot;,&quot;gradient_custom_color_2&quot;:&quot;&quot;,&quot;gradient_text_color&quot;:&quot;&quot;,&quot;custom_background&quot;:&quot;#ededed&quot;,&quot;custom_text&quot;:&quot;#666&quot;,&quot;outline_custom_color&quot;:&quot;#666&quot;,&quot;outline_custom_hover_background&quot;:&quot;#666&quot;,&quot;outline_custom_hover_text&quot;:&quot;#fff&quot;,&quot;shape&quot;:&quot;rounded&quot;,&quot;color&quot;:&quot;default&quot;,&quot;size&quot;:&quot;md&quot;,&quot;align&quot;:&quot;inline&quot;,&quot;button_block&quot;:&quot;&quot;,&quot;add_icon&quot;:&quot;&quot;,&quot;i_align&quot;:&quot;left&quot;,&quot;i_type&quot;:&quot;fontawesome&quot;,&quot;i_icon_fontawesome&quot;:&quot;fas fa-adjust&quot;,&quot;i_icon_openiconic&quot;:&quot;vc-oi vc-oi-dial&quot;,&quot;i_icon_typicons&quot;:&quot;typcn typcn-adjust-brightness&quot;,&quot;i_icon_entypo&quot;:&quot;entypo-icon entypo-icon-note&quot;,&quot;i_icon_linecons&quot;:&quot;vc_li vc_li-heart&quot;,&quot;i_icon_monosocial&quot;:&quot;&quot;,&quot;i_icon_material&quot;:&quot;&quot;,&quot;i_icon_pixelicons&quot;:&quot;vc_pixel_icon vc_pixel_icon-alert&quot;,&quot;el_id&quot;:&quot;&quot;,&quot;custom_onclick&quot;:&quot;&quot;,&quot;custom_onclick_code&quot;:&quot;&quot;},&quot;tag&quot;:&quot;vc_basic_grid&quot;}\" data-vc-request=\"https:\/\/sols-creation.inexence.group\/wp-admin\/admin-ajax.php\" data-vc-post-id=\"948\" data-vc-public-nonce=\"198e0f6483\">\n\t\t<style data-type=\"vc_shortcodes-custom-css\">.vc_custom_1568128260401{padding-top: 2em !important;padding-right: 4em !important;padding-bottom: 2em !important;padding-left: 4em !important;}<\/style><div class=\"vc_grid vc_row vc_pageable-wrapper vc_hook_hover\" data-vc-pageable-content=\"true\"><div class=\"vc_pageable-slide-wrapper vc_clearfix\" data-vc-grid-content=\"true\"><div class=\"vc_grid-item vc_clearfix vc_col-sm-4 vc_grid-item-zone-c-bottom\"><div class=\"vc_grid-item-mini vc_clearfix\"><div class=\"vc_gitem-animated-block  vc_gitem-animate vc_gitem-animate-scaleIn\"  data-vc-animation=\"scaleIn\"><div class=\"vc_gitem-zone vc_gitem-zone-a articles vc-gitem-zone-height-mode-auto vc-gitem-zone-height-mode-auto-16-9 vc_gitem-is-link\" style=\"background-image: url('https:\/\/sols-creation.inexence.group\/wp-content\/uploads\/sites\/20\/2019\/02\/terrain-naturel-Le-port-La-Re\u0301union-1024x767.jpg') !important;\"><a href=\"https:\/\/sols-creation.inexence.group\/en\/gazon-naturel\/\" title=\"GAZON NATUREL\" class=\"vc_gitem-link vc-zone-link\" ><\/a><img decoding=\"async\" class=\"vc_gitem-zone-img\" src=\"https:\/\/sols-creation.inexence.group\/wp-content\/uploads\/sites\/20\/2019\/02\/terrain-naturel-Le-port-La-Re\u0301union-1024x767.jpg\" alt=\"terrain naturel - Le port La Re\u0301union\" loading=\"lazy\"><div class=\"vc_gitem-zone-mini\"><\/div><\/div><\/div><div class=\"vc_gitem-zone vc_gitem-zone-c\"><div class=\"vc_gitem-zone-mini\"><div class=\"vc_gitem_row vc_row vc_gitem-row-position-top\"><div class=\"vc_col-sm-12 vc_gitem-col vc_gitem-col-align- vc_custom_1568128260401\"><div class=\"vc_custom_heading vc_gitem-post-data vc_gitem-post-data-source-post_title\" ><h4 style=\"text-align: center\" ><a href=\"https:\/\/sols-creation.inexence.group\/en\/gazon-naturel\/\" class=\"vc_gitem-link\" title=\"GAZON NATUREL\">GAZON NATUREL<\/a><\/h4><\/div><div class=\"vc_custom_heading vc_gitem-post-data vc_gitem-post-data-source-post_excerpt\" ><div style=\"text-align: justify\" ><p>Terrain en gazon naturel Plateau sportif standard (m\u00e9lange sable\/terre + gazon) Plateau sportif selon norme NF90113 \u2013 Terrain de grand jeu en gazon naturel Gazon Semi Plaquage Hydroensemencement Gazonni\u00e8re Golf Expertise et conseil technique, \u00e9tude de projet R\u00e9f\u00e9rences principales en gazon naturel : &#8211; Cr\u00e9ation des 3 Golfs de La R\u00e9union (Cr\u00e9ation des golfs de l\u2019Etang Sal\u00e9 et Bassin Bleu&hellip;<\/p>\n<\/div><\/div><div class=\"vc_btn3-container vc_btn3-center\"><a class=\"vc_general vc_btn3 vc_btn3-size-md vc_btn3-shape-square vc_btn3-style-flat vc_btn3-color-black\" a href=\"https:\/\/sols-creation.inexence.group\/en\/gazon-naturel\/\" title=\"Read More\">Read More<\/a><\/div><\/div><\/div><\/div><\/div><\/div><div class=\"vc_clearfix\"><\/div><\/div><div class=\"vc_grid-item vc_clearfix vc_col-sm-4 vc_grid-item-zone-c-bottom\"><div class=\"vc_grid-item-mini vc_clearfix\"><div class=\"vc_gitem-animated-block  vc_gitem-animate vc_gitem-animate-scaleIn\"  data-vc-animation=\"scaleIn\"><div class=\"vc_gitem-zone vc_gitem-zone-a articles vc-gitem-zone-height-mode-auto vc-gitem-zone-height-mode-auto-16-9 vc_gitem-is-link\" style=\"background-image: url('https:\/\/sols-creation.inexence.group\/wp-content\/uploads\/sites\/20\/2019\/01\/Terrain-synthe\u0301tique-et-piste-\u2013-Saint-LouisRe\u0301union-1024x576.jpg') !important;\"><a href=\"https:\/\/sols-creation.inexence.group\/en\/gazon-synthetique-et-sol-stabilise\/\" title=\"GAZON SYNTHETIQUE et SOL STABILIS\u00c9\" class=\"vc_gitem-link vc-zone-link\" ><\/a><img decoding=\"async\" class=\"vc_gitem-zone-img\" src=\"https:\/\/sols-creation.inexence.group\/wp-content\/uploads\/sites\/20\/2019\/01\/Terrain-synthe\u0301tique-et-piste-\u2013-Saint-LouisRe\u0301union-1024x576.jpg\" alt=\"Terrain synthe\u0301tique et piste \u2013 Saint Louis:Re\u0301union\" loading=\"lazy\"><div class=\"vc_gitem-zone-mini\"><\/div><\/div><\/div><div class=\"vc_gitem-zone vc_gitem-zone-c\"><div class=\"vc_gitem-zone-mini\"><div class=\"vc_gitem_row vc_row vc_gitem-row-position-top\"><div class=\"vc_col-sm-12 vc_gitem-col vc_gitem-col-align- vc_custom_1568128260401\"><div class=\"vc_custom_heading vc_gitem-post-data vc_gitem-post-data-source-post_title\" ><h4 style=\"text-align: center\" ><a href=\"https:\/\/sols-creation.inexence.group\/en\/gazon-synthetique-et-sol-stabilise\/\" class=\"vc_gitem-link\" title=\"GAZON SYNTHETIQUE et SOL STABILIS\u00c9\">GAZON SYNTHETIQUE et SOL STABILIS\u00c9<\/a><\/h4><\/div><div class=\"vc_custom_heading vc_gitem-post-data vc_gitem-post-data-source-post_excerpt\" ><div style=\"text-align: justify\" ><p>Terrain en gazon synth\u00e9tique Plateau multisports (gazon de faible hauteur : 28mm + sablage) Plateau Football (gazon de grande hauteur : 40 \u00e0 65mm +sable + SBR ou li\u00e8ge ou fibre de coco) Terrain de grand jeu en gazon synth\u00e9tique Piste d\u2019Athl\u00e9tisme Piste de Jogging Terrain de tennis Boulodrome Cheminement pi\u00e9ton Terre battue Terrain de tennis Expertise et conseil technique,&hellip;<\/p>\n<\/div><\/div><div class=\"vc_btn3-container vc_btn3-center\"><a class=\"vc_general vc_btn3 vc_btn3-size-md vc_btn3-shape-square vc_btn3-style-flat vc_btn3-color-black\" a href=\"https:\/\/sols-creation.inexence.group\/en\/gazon-synthetique-et-sol-stabilise\/\" title=\"Read More\">Read More<\/a><\/div><\/div><\/div><\/div><\/div><\/div><div class=\"vc_clearfix\"><\/div><\/div><div class=\"vc_grid-item vc_clearfix vc_col-sm-4 vc_grid-item-zone-c-bottom\"><div class=\"vc_grid-item-mini vc_clearfix\"><div class=\"vc_gitem-animated-block  vc_gitem-animate vc_gitem-animate-scaleIn\"  data-vc-animation=\"scaleIn\"><div class=\"vc_gitem-zone vc_gitem-zone-a articles vc-gitem-zone-height-mode-auto vc-gitem-zone-height-mode-auto-16-9 vc_gitem-is-link\" style=\"background-image: url('https:\/\/sols-creation.inexence.group\/wp-content\/uploads\/sites\/20\/2017\/06\/SOL_AMORTISSANT-1024x576.jpg') !important;\"><a href=\"https:\/\/sols-creation.inexence.group\/en\/sol-amortissant\/\" title=\"SOL AMORTISSANT\" class=\"vc_gitem-link vc-zone-link\" ><\/a><img decoding=\"async\" class=\"vc_gitem-zone-img\" src=\"https:\/\/sols-creation.inexence.group\/wp-content\/uploads\/sites\/20\/2017\/06\/SOL_AMORTISSANT-1024x576.jpg\" alt=\"SOL_AMORTISSANT\" loading=\"lazy\"><div class=\"vc_gitem-zone-mini\"><\/div><\/div><\/div><div class=\"vc_gitem-zone vc_gitem-zone-c\"><div class=\"vc_gitem-zone-mini\"><div class=\"vc_gitem_row vc_row vc_gitem-row-position-top\"><div class=\"vc_col-sm-12 vc_gitem-col vc_gitem-col-align- vc_custom_1568128260401\"><div class=\"vc_custom_heading vc_gitem-post-data vc_gitem-post-data-source-post_title\" ><h4 style=\"text-align: center\" ><a href=\"https:\/\/sols-creation.inexence.group\/en\/sol-amortissant\/\" class=\"vc_gitem-link\" title=\"SOL AMORTISSANT\">SOL AMORTISSANT<\/a><\/h4><\/div><div class=\"vc_custom_heading vc_gitem-post-data vc_gitem-post-data-source-post_excerpt\" ><div style=\"text-align: justify\" ><p>Sol coul\u00e9 en place Aire de jeux Dalle pr\u00e9fabriqu\u00e9e Aire de jeux<\/p>\n<\/div><\/div><div class=\"vc_btn3-container vc_btn3-center\"><a class=\"vc_general vc_btn3 vc_btn3-size-md vc_btn3-shape-square vc_btn3-style-flat vc_btn3-color-black\" a href=\"https:\/\/sols-creation.inexence.group\/en\/sol-amortissant\/\" title=\"Read More\">Read More<\/a><\/div><\/div><\/div><\/div><\/div><\/div><div class=\"vc_clearfix\"><\/div><\/div><div class=\"vc_grid-item vc_clearfix vc_col-sm-4 vc_grid-item-zone-c-bottom\"><div class=\"vc_grid-item-mini vc_clearfix\"><div class=\"vc_gitem-animated-block  vc_gitem-animate vc_gitem-animate-scaleIn\"  data-vc-animation=\"scaleIn\"><div class=\"vc_gitem-zone vc_gitem-zone-a articles vc-gitem-zone-height-mode-auto vc-gitem-zone-height-mode-auto-16-9 vc_gitem-is-link\" style=\"background-image: url('https:\/\/sols-creation.inexence.group\/wp-content\/uploads\/sites\/20\/2019\/01\/SOL-COULE-EXTERIEUR-ET-INTERIEUR-1024x576.jpg') !important;\"><a href=\"https:\/\/sols-creation.inexence.group\/en\/sol-coule-exterieur-et-interieur\/\" title=\"SOL COUL\u00c9 EXTERIEUR ET INTERIEUR\" class=\"vc_gitem-link vc-zone-link\" ><\/a><img decoding=\"async\" class=\"vc_gitem-zone-img\" src=\"https:\/\/sols-creation.inexence.group\/wp-content\/uploads\/sites\/20\/2019\/01\/SOL-COULE-EXTERIEUR-ET-INTERIEUR-1024x576.jpg\" alt=\"SOL COULE EXTERIEUR ET INTERIEUR\" loading=\"lazy\"><div class=\"vc_gitem-zone-mini\"><\/div><\/div><\/div><div class=\"vc_gitem-zone vc_gitem-zone-c\"><div class=\"vc_gitem-zone-mini\"><div class=\"vc_gitem_row vc_row vc_gitem-row-position-top\"><div class=\"vc_col-sm-12 vc_gitem-col vc_gitem-col-align- vc_custom_1568128260401\"><div class=\"vc_custom_heading vc_gitem-post-data vc_gitem-post-data-source-post_title\" ><h4 style=\"text-align: center\" ><a href=\"https:\/\/sols-creation.inexence.group\/en\/sol-coule-exterieur-et-interieur\/\" class=\"vc_gitem-link\" title=\"SOL COUL\u00c9 EXTERIEUR ET INTERIEUR\">SOL COUL\u00c9 EXTERIEUR ET INTERIEUR<\/a><\/h4><\/div><div class=\"vc_custom_heading vc_gitem-post-data vc_gitem-post-data-source-post_excerpt\" ><div style=\"text-align: justify\" ><p>Terrain de Futsal Terrain de tennis Terrain multisports Peinture antid\u00e9rapante Gymnase<\/p>\n<\/div><\/div><div class=\"vc_btn3-container vc_btn3-center\"><a class=\"vc_general vc_btn3 vc_btn3-size-md vc_btn3-shape-square vc_btn3-style-flat vc_btn3-color-black\" a href=\"https:\/\/sols-creation.inexence.group\/en\/sol-coule-exterieur-et-interieur\/\" title=\"Read More\">Read More<\/a><\/div><\/div><\/div><\/div><\/div><\/div><div class=\"vc_clearfix\"><\/div><\/div><div class=\"vc_grid-item vc_clearfix vc_col-sm-4 vc_grid-item-zone-c-bottom\"><div class=\"vc_grid-item-mini vc_clearfix\"><div class=\"vc_gitem-animated-block  vc_gitem-animate vc_gitem-animate-scaleIn\"  data-vc-animation=\"scaleIn\"><div class=\"vc_gitem-zone vc_gitem-zone-a articles vc-gitem-zone-height-mode-auto vc-gitem-zone-height-mode-auto-16-9 vc_gitem-is-link\" style=\"background-image: url('https:\/\/sols-creation.inexence.group\/wp-content\/uploads\/sites\/20\/2019\/01\/sol_pvc.jpg') !important;\"><a href=\"https:\/\/sols-creation.inexence.group\/en\/sol-prefabrique-pvc\/\" title=\"SOL PR\u00c9FABRIQU\u00c9 PVC\" class=\"vc_gitem-link vc-zone-link\" ><\/a><img decoding=\"async\" class=\"vc_gitem-zone-img\" src=\"https:\/\/sols-creation.inexence.group\/wp-content\/uploads\/sites\/20\/2019\/01\/sol_pvc.jpg\" alt=\"SOL PR\u00c9FABRIQU\u00c9 PVC\" loading=\"lazy\"><div class=\"vc_gitem-zone-mini\"><\/div><\/div><\/div><div class=\"vc_gitem-zone vc_gitem-zone-c\"><div class=\"vc_gitem-zone-mini\"><div class=\"vc_gitem_row vc_row vc_gitem-row-position-top\"><div class=\"vc_col-sm-12 vc_gitem-col vc_gitem-col-align- vc_custom_1568128260401\"><div class=\"vc_custom_heading vc_gitem-post-data vc_gitem-post-data-source-post_title\" ><h4 style=\"text-align: center\" ><a href=\"https:\/\/sols-creation.inexence.group\/en\/sol-prefabrique-pvc\/\" class=\"vc_gitem-link\" title=\"SOL PR\u00c9FABRIQU\u00c9 PVC\">SOL PR\u00c9FABRIQU\u00c9 PVC<\/a><\/h4><\/div><div class=\"vc_custom_heading vc_gitem-post-data vc_gitem-post-data-source-post_excerpt\" ><div style=\"text-align: justify\" ><p>Terrain de handball<\/p>\n<\/div><\/div><div class=\"vc_btn3-container vc_btn3-center\"><a class=\"vc_general vc_btn3 vc_btn3-size-md vc_btn3-shape-square vc_btn3-style-flat vc_btn3-color-black\" a href=\"https:\/\/sols-creation.inexence.group\/en\/sol-prefabrique-pvc\/\" title=\"Read More\">Read More<\/a><\/div><\/div><\/div><\/div><\/div><\/div><div class=\"vc_clearfix\"><\/div><\/div><div class=\"vc_grid-item vc_clearfix vc_col-sm-4 vc_grid-item-zone-c-bottom\"><div class=\"vc_grid-item-mini vc_clearfix\"><div class=\"vc_gitem-animated-block  vc_gitem-animate vc_gitem-animate-scaleIn\"  data-vc-animation=\"scaleIn\"><div class=\"vc_gitem-zone vc_gitem-zone-a articles vc-gitem-zone-height-mode-auto vc-gitem-zone-height-mode-auto-16-9 vc_gitem-is-link\" style=\"background-image: url('https:\/\/sols-creation.inexence.group\/wp-content\/uploads\/sites\/20\/2019\/01\/gymnase.jpg') !important;\"><a href=\"https:\/\/sols-creation.inexence.group\/en\/parquet-bois-interieur\/\" title=\"PARQUET BOIS INT\u00c9RIEUR\" class=\"vc_gitem-link vc-zone-link\" ><\/a><img decoding=\"async\" class=\"vc_gitem-zone-img\" src=\"https:\/\/sols-creation.inexence.group\/wp-content\/uploads\/sites\/20\/2019\/01\/gymnase.jpg\" alt=\"PARQUET BOIS INT\u00c9RIEUR\" loading=\"lazy\"><div class=\"vc_gitem-zone-mini\"><\/div><\/div><\/div><div class=\"vc_gitem-zone vc_gitem-zone-c\"><div class=\"vc_gitem-zone-mini\"><div class=\"vc_gitem_row vc_row vc_gitem-row-position-top\"><div class=\"vc_col-sm-12 vc_gitem-col vc_gitem-col-align- vc_custom_1568128260401\"><div class=\"vc_custom_heading vc_gitem-post-data vc_gitem-post-data-source-post_title\" ><h4 style=\"text-align: center\" ><a href=\"https:\/\/sols-creation.inexence.group\/en\/parquet-bois-interieur\/\" class=\"vc_gitem-link\" title=\"PARQUET BOIS INT\u00c9RIEUR\">PARQUET BOIS INT\u00c9RIEUR<\/a><\/h4><\/div><div class=\"vc_custom_heading vc_gitem-post-data vc_gitem-post-data-source-post_excerpt\" ><div style=\"text-align: justify\" ><p>Gymnase<\/p>\n<\/div><\/div><div class=\"vc_btn3-container vc_btn3-center\"><a class=\"vc_general vc_btn3 vc_btn3-size-md vc_btn3-shape-square vc_btn3-style-flat vc_btn3-color-black\" a href=\"https:\/\/sols-creation.inexence.group\/en\/parquet-bois-interieur\/\" title=\"Read More\">Read More<\/a><\/div><\/div><\/div><\/div><\/div><\/div><div class=\"vc_clearfix\"><\/div><\/div><\/div><div class=\"vc_pageable-load-more-btn\" data-vc-grid-load-more-btn=\"true\"><div class=\"vc_btn3-container  vc_grid-btn-load_more vc_btn3-inline\"><a href=\"javascript:;\" class=\"vc_general vc_btn3 vc_btn3-size-md vc_btn3-shape-rounded vc_btn3-style-flat vc_btn3-color-default\"  title=\"Load more\">Load more<\/a><\/div><\/div><\/div>\n\t<\/div>\n<\/div><\/div><\/div><\/div><\/div>\n<\/div>","protected":false},"excerpt":{"rendered":"GAZON NATURELTerrain en gazon naturel Plateau sportif standard (m\u00e9lange sable\/terre + gazon) Plateau sportif selon norme NF90113 \u2013 Terrain de grand jeu en gazon naturel Gazon Semi Plaquage Hydroensemencement Gazonni\u00e8re Golf Expertise et conseil technique, \u00e9tude de projet R\u00e9f\u00e9rences principales en gazon naturel : &#8211; Cr\u00e9ation des 3 Golfs de La R\u00e9union (Cr\u00e9ation des golfs de l\u2019Etang Sal\u00e9 et Bassin&hellip;","protected":false},"author":1,"featured_media":0,"parent":0,"menu_order":0,"comment_status":"closed","ping_status":"closed","template":"","meta":{"inline_featured_image":false,"footnotes":""},"class_list":["post-948","page","type-page","status-publish","hentry"],"yoast_head":"<!-- This site is optimized with the Yoast SEO plugin v24.1 - https:\/\/yoast.com\/wordpress\/plugins\/seo\/ -->\n<title>Nos Comp\u00e9tences- INEXENCE Protection Oc\u00e9an Indien<\/title>\n<meta name=\"description\" content=\"Les comp\u00e9tences d&#039;INEXENCE Protection Oc\u00e9an Indien pour la s\u00e9curit\u00e9 : Portails, cl\u00f4tures, obstacles physique et gestion d&#039;acc\u00e8s.\" \/>\n<meta name=\"robots\" content=\"index, follow, max-snippet:-1, max-image-preview:large, max-video-preview:-1\" \/>\n<link rel=\"canonical\" href=\"https:\/\/sols-creation.inexence.group\/en\/competences\/\" \/>\n<meta property=\"og:locale\" content=\"en_GB\" \/>\n<meta property=\"og:type\" content=\"article\" \/>\n<meta property=\"og:title\" content=\"Nos Comp\u00e9tences- INEXENCE Protection Oc\u00e9an Indien\" \/>\n<meta property=\"og:description\" content=\"Les comp\u00e9tences d&#039;INEXENCE Protection Oc\u00e9an Indien pour la s\u00e9curit\u00e9 : Portails, cl\u00f4tures, obstacles physique et gestion d&#039;acc\u00e8s.\" \/>\n<meta property=\"og:url\" content=\"https:\/\/sols-creation.inexence.group\/en\/competences\/\" \/>\n<meta property=\"og:site_name\" content=\"INEXENCE Sols - Cr\u00e9ation\" \/>\n<meta property=\"article:modified_time\" content=\"2020-11-25T14:51:38+00:00\" \/>\n<meta name=\"twitter:card\" content=\"summary_large_image\" \/>\n<script type=\"application\/ld+json\" class=\"yoast-schema-graph\">{\"@context\":\"https:\/\/schema.org\",\"@graph\":[{\"@type\":\"WebPage\",\"@id\":\"https:\/\/sols-creation.inexence.group\/competences\/\",\"url\":\"https:\/\/sols-creation.inexence.group\/competences\/\",\"name\":\"Nos Comp\u00e9tences- INEXENCE Protection Oc\u00e9an Indien\",\"isPartOf\":{\"@id\":\"https:\/\/sols-creation.inexence.group\/#website\"},\"datePublished\":\"2019-09-10T15:05:00+00:00\",\"dateModified\":\"2020-11-25T14:51:38+00:00\",\"description\":\"Les comp\u00e9tences d'INEXENCE Protection Oc\u00e9an Indien pour la s\u00e9curit\u00e9 : Portails, cl\u00f4tures, obstacles physique et gestion d'acc\u00e8s.\",\"breadcrumb\":{\"@id\":\"https:\/\/sols-creation.inexence.group\/competences\/#breadcrumb\"},\"inLanguage\":\"en-GB\",\"potentialAction\":[{\"@type\":\"ReadAction\",\"target\":[\"https:\/\/sols-creation.inexence.group\/competences\/\"]}]},{\"@type\":\"BreadcrumbList\",\"@id\":\"https:\/\/sols-creation.inexence.group\/competences\/#breadcrumb\",\"itemListElement\":[{\"@type\":\"ListItem\",\"position\":1,\"name\":\"Accueil\",\"item\":\"https:\/\/sols-creation.inexence.group\/\"},{\"@type\":\"ListItem\",\"position\":2,\"name\":\"Nos Comp\u00e9tences\"}]},{\"@type\":\"WebSite\",\"@id\":\"https:\/\/sols-creation.inexence.group\/#website\",\"url\":\"https:\/\/sols-creation.inexence.group\/\",\"name\":\"INEXENCE Sols - Cr\u00e9ation\",\"description\":\"Terrains de sport - Aires de jeux\",\"publisher\":{\"@id\":\"https:\/\/sols-creation.inexence.group\/#organization\"},\"potentialAction\":[{\"@type\":\"SearchAction\",\"target\":{\"@type\":\"EntryPoint\",\"urlTemplate\":\"https:\/\/sols-creation.inexence.group\/?s={search_term_string}\"},\"query-input\":{\"@type\":\"PropertyValueSpecification\",\"valueRequired\":true,\"valueName\":\"search_term_string\"}}],\"inLanguage\":\"en-GB\"},{\"@type\":\"Organization\",\"@id\":\"https:\/\/sols-creation.inexence.group\/#organization\",\"name\":\"INEXENCE Protection - Oc\u00e9an Indien\",\"url\":\"https:\/\/sols-creation.inexence.group\/\",\"logo\":{\"@type\":\"ImageObject\",\"inLanguage\":\"en-GB\",\"@id\":\"https:\/\/sols-creation.inexence.group\/#\/schema\/logo\/image\/\",\"url\":\"https:\/\/sols-creation.inexence.group\/wp-content\/uploads\/sites\/20\/2019\/07\/Logo-Inexence-Protection-OI.png\",\"contentUrl\":\"https:\/\/sols-creation.inexence.group\/wp-content\/uploads\/sites\/20\/2019\/07\/Logo-Inexence-Protection-OI.png\",\"width\":1039,\"height\":930,\"caption\":\"INEXENCE Protection - Oc\u00e9an Indien\"},\"image\":{\"@id\":\"https:\/\/sols-creation.inexence.group\/#\/schema\/logo\/image\/\"}}]}<\/script>\n<!-- \/ Yoast SEO plugin. -->","yoast_head_json":{"title":"Nos Comp\u00e9tences- INEXENCE Protection Oc\u00e9an Indien","description":"Les comp\u00e9tences d'INEXENCE Protection Oc\u00e9an Indien pour la s\u00e9curit\u00e9 : Portails, cl\u00f4tures, obstacles physique et gestion d'acc\u00e8s.","robots":{"index":"index","follow":"follow","max-snippet":"max-snippet:-1","max-image-preview":"max-image-preview:large","max-video-preview":"max-video-preview:-1"},"canonical":"https:\/\/sols-creation.inexence.group\/en\/competences\/","og_locale":"en_GB","og_type":"article","og_title":"Nos Comp\u00e9tences- INEXENCE Protection Oc\u00e9an Indien","og_description":"Les comp\u00e9tences d'INEXENCE Protection Oc\u00e9an Indien pour la s\u00e9curit\u00e9 : Portails, cl\u00f4tures, obstacles physique et gestion d'acc\u00e8s.","og_url":"https:\/\/sols-creation.inexence.group\/en\/competences\/","og_site_name":"INEXENCE Sols - Cr\u00e9ation","article_modified_time":"2020-11-25T14:51:38+00:00","twitter_card":"summary_large_image","schema":{"@context":"https:\/\/schema.org","@graph":[{"@type":"WebPage","@id":"https:\/\/sols-creation.inexence.group\/competences\/","url":"https:\/\/sols-creation.inexence.group\/competences\/","name":"Nos Comp\u00e9tences- INEXENCE Protection Oc\u00e9an Indien","isPartOf":{"@id":"https:\/\/sols-creation.inexence.group\/#website"},"datePublished":"2019-09-10T15:05:00+00:00","dateModified":"2020-11-25T14:51:38+00:00","description":"Les comp\u00e9tences d'INEXENCE Protection Oc\u00e9an Indien pour la s\u00e9curit\u00e9 : Portails, cl\u00f4tures, obstacles physique et gestion d'acc\u00e8s.","breadcrumb":{"@id":"https:\/\/sols-creation.inexence.group\/competences\/#breadcrumb"},"inLanguage":"en-GB","potentialAction":[{"@type":"ReadAction","target":["https:\/\/sols-creation.inexence.group\/competences\/"]}]},{"@type":"BreadcrumbList","@id":"https:\/\/sols-creation.inexence.group\/competences\/#breadcrumb","itemListElement":[{"@type":"ListItem","position":1,"name":"Accueil","item":"https:\/\/sols-creation.inexence.group\/"},{"@type":"ListItem","position":2,"name":"Nos Comp\u00e9tences"}]},{"@type":"WebSite","@id":"https:\/\/sols-creation.inexence.group\/#website","url":"https:\/\/sols-creation.inexence.group\/","name":"INEXENCE Sols - Cr\u00e9ation","description":"Terrains de sport - Aires de jeux","publisher":{"@id":"https:\/\/sols-creation.inexence.group\/#organization"},"potentialAction":[{"@type":"SearchAction","target":{"@type":"EntryPoint","urlTemplate":"https:\/\/sols-creation.inexence.group\/?s={search_term_string}"},"query-input":{"@type":"PropertyValueSpecification","valueRequired":true,"valueName":"search_term_string"}}],"inLanguage":"en-GB"},{"@type":"Organization","@id":"https:\/\/sols-creation.inexence.group\/#organization","name":"INEXENCE Protection - Oc\u00e9an Indien","url":"https:\/\/sols-creation.inexence.group\/","logo":{"@type":"ImageObject","inLanguage":"en-GB","@id":"https:\/\/sols-creation.inexence.group\/#\/schema\/logo\/image\/","url":"https:\/\/sols-creation.inexence.group\/wp-content\/uploads\/sites\/20\/2019\/07\/Logo-Inexence-Protection-OI.png","contentUrl":"https:\/\/sols-creation.inexence.group\/wp-content\/uploads\/sites\/20\/2019\/07\/Logo-Inexence-Protection-OI.png","width":1039,"height":930,"caption":"INEXENCE Protection - Oc\u00e9an Indien"},"image":{"@id":"https:\/\/sols-creation.inexence.group\/#\/schema\/logo\/image\/"}}]}},"_links":{"self":[{"href":"https:\/\/sols-creation.inexence.group\/en\/wp-json\/wp\/v2\/pages\/948","targetHints":{"allow":["GET"]}}],"collection":[{"href":"https:\/\/sols-creation.inexence.group\/en\/wp-json\/wp\/v2\/pages"}],"about":[{"href":"https:\/\/sols-creation.inexence.group\/en\/wp-json\/wp\/v2\/types\/page"}],"author":[{"embeddable":true,"href":"https:\/\/sols-creation.inexence.group\/en\/wp-json\/wp\/v2\/users\/1"}],"replies":[{"embeddable":true,"href":"https:\/\/sols-creation.inexence.group\/en\/wp-json\/wp\/v2\/comments?post=948"}],"version-history":[{"count":0,"href":"https:\/\/sols-creation.inexence.group\/en\/wp-json\/wp\/v2\/pages\/948\/revisions"}],"wp:attachment":[{"href":"https:\/\/sols-creation.inexence.group\/en\/wp-json\/wp\/v2\/media?parent=948"}],"curies":[{"name":"wp","href":"https:\/\/api.w.org\/{rel}","templated":true}]}}